{"id":2897,"date":"2023-05-12T10:12:11","date_gmt":"2023-05-12T08:12:11","guid":{"rendered":"https:\/\/klartext-staging.at\/cordolina\/?page_id=2897"},"modified":"2023-06-12T15:16:55","modified_gmt":"2023-06-12T13:16:55","slug":"faq","status":"publish","type":"page","link":"https:\/\/klartext-staging.at\/cordolina\/faq\/","title":{"rendered":"FAQ"},"content":{"rendered":"<div class=\"fusion-fullwidth fullwidth-box fusion-builder-row-1 fusion-flex-container has-pattern-background has-mask-background fusion-parallax-none nonhundred-percent-fullwidth non-hundred-percent-height-scrolling lazyload\" style=\"--link_hover_color: var(--awb-color7);--link_color: var(--awb-color5);--awb-background-position:center top;--awb-border-radius-top-left:0px;--awb-border-radius-top-right:0px;--awb-border-radius-bottom-right:0px;--awb-border-radius-bottom-left:0px;--awb-padding-top:6vh;--awb-padding-bottom:6vh;--awb-margin-top:-6vh;--awb-margin-bottom:-6vh;--awb-background-size:cover;--awb-flex-wrap:wrap;\" data-bg=\"https:\/\/klartext-staging.at\/cordolina\/wp-content\/uploads\/2023\/05\/hintergrund-faq-3.jpg\" ><div class=\"fusion-builder-row fusion-row fusion-flex-align-items-flex-start fusion-flex-content-wrap\" style=\"max-width:1419.6px;margin-left: calc(-4% \/ 2 );margin-right: calc(-4% \/ 2 );\"><div class=\"fusion-layout-column fusion_builder_column fusion-builder-column-0 fusion_builder_column_1_1 1_1 fusion-flex-column\" style=\"--awb-bg-size:cover;--awb-width-large:100%;--awb-margin-top-large:0px;--awb-spacing-right-large:1.92%;--awb-margin-bottom-large:0px;--awb-spacing-left-large:1.92%;--awb-width-medium:100%;--awb-spacing-right-medium:1.92%;--awb-spacing-left-medium:1.92%;--awb-width-small:100%;--awb-spacing-right-small:1.92%;--awb-spacing-left-small:1.92%;\"><div class=\"fusion-column-wrapper fusion-flex-justify-content-flex-start fusion-content-layout-column\"><div class=\"fusion-title title fusion-title-1 fusion-sep-none fusion-title-text fusion-title-size-one\"><h1 class=\"fusion-title-heading title-heading-left fusion-responsive-typography-calculated\" style=\"font-family:&quot;Open Sans&quot;;font-style:normal;font-weight:400;margin:0;--fontSize:65;line-height:var(--awb-typography1-line-height);\">FAQ \u2013 H\u00e4ufig gestellte Fragen<\/h1><\/div><div class=\"accordian fusion-accordian\" style=\"--awb-border-size:1px;--awb-icon-size:16px;--awb-content-font-size:17px;--awb-icon-alignment:left;--awb-hover-color:var(--awb-color2);--awb-border-color:var(--awb-color7);--awb-background-color:rgba(255,255,255,0.6);--awb-divider-color:var(--awb-color4);--awb-divider-hover-color:var(--awb-color4);--awb-icon-color:var(--awb-color1);--awb-title-color:var(--awb-color5);--awb-content-color:var(--awb-color8);--awb-icon-box-color:var(--awb-color5);--awb-toggle-hover-accent-color:var(--awb-color7);--awb-title-font-family:&quot;Work Sans&quot;;--awb-title-font-weight:regular;--awb-title-font-style:normal;--awb-content-font-family:&quot;Work Sans&quot;;--awb-content-font-style:normal;--awb-content-font-weight:regular;\"><div class=\"panel-group fusion-toggle-icon-boxed\" id=\"accordion-2897-1\"><div class=\"fusion-panel panel-default panel-941123fa46f60987b fusion-toggle-no-divider fusion-toggle-boxed-mode\" style=\"--awb-title-color:var(--awb-color8);\"><div class=\"panel-heading\"><h4 class=\"panel-title toggle\" id=\"toggle_941123fa46f60987b\"><a aria-expanded=\"false\" aria-controls=\"941123fa46f60987b\" role=\"button\" data-toggle=\"collapse\" data-parent=\"#accordion-2897-1\" data-target=\"#941123fa46f60987b\" href=\"#941123fa46f60987b\"><span class=\"fusion-toggle-icon-wrapper\" aria-hidden=\"true\"><i class=\"fa-fusion-box active-icon awb-icon-minus\" aria-hidden=\"true\"><\/i><i class=\"fa-fusion-box inactive-icon awb-icon-plus\" aria-hidden=\"true\"><\/i><\/span><span class=\"fusion-toggle-heading\">Bestellung<\/span><\/a><\/h4><\/div><div id=\"941123fa46f60987b\" class=\"panel-collapse collapse \" aria-labelledby=\"toggle_941123fa46f60987b\"><div class=\"panel-body toggle-content fusion-clearfix\">\n<p><strong>Wie ist der Status meiner Bestellung?<\/strong><\/p>\n<p>Bei der Bestellbest\u00e4tigung wird die voraussichtliche Lieferzeit angegeben. Sobald der Artikel bei der Post aufgegeben wurde, bekommst du eine E-Mail mit der Sendungsverfolgung.<\/p>\n<\/div><\/div><\/div><div class=\"fusion-panel panel-default panel-eeef5e1cf24200d06 fusion-toggle-no-divider fusion-toggle-boxed-mode\" style=\"--awb-title-color:var(--awb-color8);\"><div class=\"panel-heading\"><h4 class=\"panel-title toggle\" id=\"toggle_eeef5e1cf24200d06\"><a aria-expanded=\"false\" aria-controls=\"eeef5e1cf24200d06\" role=\"button\" data-toggle=\"collapse\" data-parent=\"#accordion-2897-1\" data-target=\"#eeef5e1cf24200d06\" href=\"#eeef5e1cf24200d06\"><span class=\"fusion-toggle-icon-wrapper\" aria-hidden=\"true\"><i class=\"fa-fusion-box active-icon awb-icon-minus\" aria-hidden=\"true\"><\/i><i class=\"fa-fusion-box inactive-icon awb-icon-plus\" aria-hidden=\"true\"><\/i><\/span><span class=\"fusion-toggle-heading\">Kann ich nachtr\u00e4glich an meiner Bestellung etwas \u00e4ndern?<\/span><\/a><\/h4><\/div><div id=\"eeef5e1cf24200d06\" class=\"panel-collapse collapse \" aria-labelledby=\"toggle_eeef5e1cf24200d06\"><div class=\"panel-body toggle-content fusion-clearfix\">\n<p>Wenn du eine \u00c4nderung an deiner Bestellung w\u00fcnscht, schreib uns bitte <strong>so schnell<\/strong> es geht eine Mail mit deiner Bestellnummer und deinem Anliegen. Durch \u00c4nderungen kann sich Lieferzeit ver\u00e4ndern. Nur wenn dein \u00c4nderungswunsch <strong>VOR<\/strong> der Herstellung deiner Produkte bei uns ankommt, k\u00f6nnen wir ihn ber\u00fccksichtigen.<\/p>\n<\/div><\/div><\/div><div class=\"fusion-panel panel-default panel-a9b46ab7a4a024a55 fusion-toggle-no-divider fusion-toggle-boxed-mode\" style=\"--awb-title-color:var(--awb-color8);\"><div class=\"panel-heading\"><h4 class=\"panel-title toggle\" id=\"toggle_a9b46ab7a4a024a55\"><a aria-expanded=\"false\" aria-controls=\"a9b46ab7a4a024a55\" role=\"button\" data-toggle=\"collapse\" data-parent=\"#accordion-2897-1\" data-target=\"#a9b46ab7a4a024a55\" href=\"#a9b46ab7a4a024a55\"><span class=\"fusion-toggle-icon-wrapper\" aria-hidden=\"true\"><i class=\"fa-fusion-box active-icon awb-icon-minus\" aria-hidden=\"true\"><\/i><i class=\"fa-fusion-box inactive-icon awb-icon-plus\" aria-hidden=\"true\"><\/i><\/span><span class=\"fusion-toggle-heading\">Wie finde ich die richtige Gr\u00f6\u00dfe?<\/span><\/a><\/h4><\/div><div id=\"a9b46ab7a4a024a55\" class=\"panel-collapse collapse \" aria-labelledby=\"toggle_a9b46ab7a4a024a55\"><div class=\"panel-body toggle-content fusion-clearfix\">\n<p>Bei all unseren Produkten gibt es bei ,,weitere Informationen\u2018\u2018 die Anleitung zum richtigen Abmessen deines Lieblings.<\/p>\n<\/div><\/div><\/div><div class=\"fusion-panel panel-default panel-5ced0eecf35d61c97 fusion-toggle-no-divider fusion-toggle-boxed-mode\" style=\"--awb-title-color:var(--awb-color8);\"><div class=\"panel-heading\"><h4 class=\"panel-title toggle\" id=\"toggle_5ced0eecf35d61c97\"><a aria-expanded=\"false\" aria-controls=\"5ced0eecf35d61c97\" role=\"button\" data-toggle=\"collapse\" data-parent=\"#accordion-2897-1\" data-target=\"#5ced0eecf35d61c97\" href=\"#5ced0eecf35d61c97\"><span class=\"fusion-toggle-icon-wrapper\" aria-hidden=\"true\"><i class=\"fa-fusion-box active-icon awb-icon-minus\" aria-hidden=\"true\"><\/i><i class=\"fa-fusion-box inactive-icon awb-icon-plus\" aria-hidden=\"true\"><\/i><\/span><span class=\"fusion-toggle-heading\">Ich m\u00f6chte eine Sonderanfertigung, die ich im Shop so nicht finden kann. Wie gehe ich vor?<\/span><\/a><\/h4><\/div><div id=\"5ced0eecf35d61c97\" class=\"panel-collapse collapse \" aria-labelledby=\"toggle_5ced0eecf35d61c97\"><div class=\"panel-body toggle-content fusion-clearfix\">\n<p>Auf der Website kannst du mich mit dem Kontaktformular kontaktieren und mir deine W\u00fcnsche weitergeben. Ich setzte mich dann mit dir in Verbindung, und wir erstellen dann zusammen deinen Traumartikel.<\/p>\n<\/div><\/div><\/div><div class=\"fusion-panel panel-default panel-7dbe56462447df51c fusion-toggle-no-divider fusion-toggle-boxed-mode\" style=\"--awb-title-color:var(--awb-color8);\"><div class=\"panel-heading\"><h4 class=\"panel-title toggle\" id=\"toggle_7dbe56462447df51c\"><a aria-expanded=\"false\" aria-controls=\"7dbe56462447df51c\" role=\"button\" data-toggle=\"collapse\" data-parent=\"#accordion-2897-1\" data-target=\"#7dbe56462447df51c\" href=\"#7dbe56462447df51c\"><span class=\"fusion-toggle-icon-wrapper\" aria-hidden=\"true\"><i class=\"fa-fusion-box active-icon awb-icon-minus\" aria-hidden=\"true\"><\/i><i class=\"fa-fusion-box inactive-icon awb-icon-plus\" aria-hidden=\"true\"><\/i><\/span><span class=\"fusion-toggle-heading\">Ich h\u00e4tte gerne eine bestimmte Farbe, die ich im Shop nicht finden kann. Gibt es noch andere?<\/span><\/a><\/h4><\/div><div id=\"7dbe56462447df51c\" class=\"panel-collapse collapse \" aria-labelledby=\"toggle_7dbe56462447df51c\"><div class=\"panel-body toggle-content fusion-clearfix\">\n<p>Grunds\u00e4tzlich stehen nur die Farben zur Verf\u00fcgung, die im Shop zu sehen sind. Sollte da jedoch Garnichts f\u00fcr dich dabei sein, kannst du dich bei mir melden und wir sehen nach, ob wir doch noch das richtige f\u00fcr dich finden.<\/p>\n<\/div><\/div><\/div><div class=\"fusion-panel panel-default panel-b52035a0ca3c78c56 fusion-toggle-no-divider fusion-toggle-boxed-mode\" style=\"--awb-title-color:var(--awb-color8);\"><div class=\"panel-heading\"><h4 class=\"panel-title toggle\" id=\"toggle_b52035a0ca3c78c56\"><a aria-expanded=\"false\" aria-controls=\"b52035a0ca3c78c56\" role=\"button\" data-toggle=\"collapse\" data-parent=\"#accordion-2897-1\" data-target=\"#b52035a0ca3c78c56\" href=\"#b52035a0ca3c78c56\"><span class=\"fusion-toggle-icon-wrapper\" aria-hidden=\"true\"><i class=\"fa-fusion-box active-icon awb-icon-minus\" aria-hidden=\"true\"><\/i><i class=\"fa-fusion-box inactive-icon awb-icon-plus\" aria-hidden=\"true\"><\/i><\/span><span class=\"fusion-toggle-heading\">Wie kann ich bezahlen?<\/span><\/a><\/h4><\/div><div id=\"b52035a0ca3c78c56\" class=\"panel-collapse collapse \" aria-labelledby=\"toggle_b52035a0ca3c78c56\"><div class=\"panel-body toggle-content fusion-clearfix\">\n<p>Du kannst per Vorkasse bzw. auf Rechnung bezahlen.<\/p>\n<\/div><\/div><\/div><div class=\"fusion-panel panel-default panel-95eba7499c59d0b20 fusion-toggle-no-divider fusion-toggle-boxed-mode\" style=\"--awb-title-color:var(--awb-color8);\"><div class=\"panel-heading\"><h4 class=\"panel-title toggle\" id=\"toggle_95eba7499c59d0b20\"><a aria-expanded=\"false\" aria-controls=\"95eba7499c59d0b20\" role=\"button\" data-toggle=\"collapse\" data-parent=\"#accordion-2897-1\" data-target=\"#95eba7499c59d0b20\" href=\"#95eba7499c59d0b20\"><span class=\"fusion-toggle-icon-wrapper\" aria-hidden=\"true\"><i class=\"fa-fusion-box active-icon awb-icon-minus\" aria-hidden=\"true\"><\/i><i class=\"fa-fusion-box inactive-icon awb-icon-plus\" aria-hidden=\"true\"><\/i><\/span><span class=\"fusion-toggle-heading\">Bis wann ist das Zahlungsziel bei Kauf auf Rechnung?<\/span><\/a><\/h4><\/div><div id=\"95eba7499c59d0b20\" class=\"panel-collapse collapse \" aria-labelledby=\"toggle_95eba7499c59d0b20\"><div class=\"panel-body toggle-content fusion-clearfix\">\n<p>Bis 14 Tage nach Erhalt der Ware.<\/p>\n<\/div><\/div><\/div><div class=\"fusion-panel panel-default panel-a77bf8b79d224ccef fusion-toggle-no-divider fusion-toggle-boxed-mode\" style=\"--awb-title-color:var(--awb-color8);\"><div class=\"panel-heading\"><h4 class=\"panel-title toggle\" id=\"toggle_a77bf8b79d224ccef\"><a aria-expanded=\"false\" aria-controls=\"a77bf8b79d224ccef\" role=\"button\" data-toggle=\"collapse\" data-parent=\"#accordion-2897-1\" data-target=\"#a77bf8b79d224ccef\" href=\"#a77bf8b79d224ccef\"><span class=\"fusion-toggle-icon-wrapper\" aria-hidden=\"true\"><i class=\"fa-fusion-box active-icon awb-icon-minus\" aria-hidden=\"true\"><\/i><i class=\"fa-fusion-box inactive-icon awb-icon-plus\" aria-hidden=\"true\"><\/i><\/span><span class=\"fusion-toggle-heading\">Wie lange dauert die Lieferung?<\/span><\/a><\/h4><\/div><div id=\"a77bf8b79d224ccef\" class=\"panel-collapse collapse \" aria-labelledby=\"toggle_a77bf8b79d224ccef\"><div class=\"panel-body toggle-content fusion-clearfix\">\n<p>Das steht bei jedem Produkt unter ,,weitere Informationen\u2018\u2018, da es vom Produkt abh\u00e4ngig ist.<\/p>\n<\/div><\/div><\/div><div class=\"fusion-panel panel-default panel-624e8f6c554cb3f8d fusion-toggle-no-divider fusion-toggle-boxed-mode\" style=\"--awb-title-color:var(--awb-color8);\"><div class=\"panel-heading\"><h4 class=\"panel-title toggle\" id=\"toggle_624e8f6c554cb3f8d\"><a aria-expanded=\"false\" aria-controls=\"624e8f6c554cb3f8d\" role=\"button\" data-toggle=\"collapse\" data-parent=\"#accordion-2897-1\" data-target=\"#624e8f6c554cb3f8d\" href=\"#624e8f6c554cb3f8d\"><span class=\"fusion-toggle-icon-wrapper\" aria-hidden=\"true\"><i class=\"fa-fusion-box active-icon awb-icon-minus\" aria-hidden=\"true\"><\/i><i class=\"fa-fusion-box inactive-icon awb-icon-plus\" aria-hidden=\"true\"><\/i><\/span><span class=\"fusion-toggle-heading\">Kann ich ein konfiguriertes Produkt retour senden?<\/span><\/a><\/h4><\/div><div id=\"624e8f6c554cb3f8d\" class=\"panel-collapse collapse \" aria-labelledby=\"toggle_624e8f6c554cb3f8d\"><div class=\"panel-body toggle-content fusion-clearfix\">\n<p>Da unsere Produkte einzigartig sind und speziell f\u00fcr euch und euren Vierbeiner angefertigt werden, fallen sie nicht unter das Widerrufsrecht. Solltest du jedoch unzufrieden mit deinem Produkt sein, dann melde dich einfach bei mir. Zusammen finden wir eine L\u00f6sung.<\/p>\n<\/div><\/div><\/div><div class=\"fusion-panel panel-default panel-ffbfcfc67d66c5076 fusion-toggle-no-divider fusion-toggle-boxed-mode\" style=\"--awb-title-color:var(--awb-color8);\"><div class=\"panel-heading\"><h4 class=\"panel-title toggle\" id=\"toggle_ffbfcfc67d66c5076\"><a aria-expanded=\"false\" aria-controls=\"ffbfcfc67d66c5076\" role=\"button\" data-toggle=\"collapse\" data-parent=\"#accordion-2897-1\" data-target=\"#ffbfcfc67d66c5076\" href=\"#ffbfcfc67d66c5076\"><span class=\"fusion-toggle-icon-wrapper\" aria-hidden=\"true\"><i class=\"fa-fusion-box active-icon awb-icon-minus\" aria-hidden=\"true\"><\/i><i class=\"fa-fusion-box inactive-icon awb-icon-plus\" aria-hidden=\"true\"><\/i><\/span><span class=\"fusion-toggle-heading\">Kann ich meinen Artikel retour senden, wenn die Gr\u00f6\u00dfe nicht passt?<\/span><\/a><\/h4><\/div><div id=\"ffbfcfc67d66c5076\" class=\"panel-collapse collapse \" aria-labelledby=\"toggle_ffbfcfc67d66c5076\"><div class=\"panel-body toggle-content fusion-clearfix\">\n<p>Sollte dein Artikel nicht nach deinen eingegeben Ma\u00dfen hergestellt worden sein, bekommst du nat\u00fcrlich den Artikel in der richtigen Gr\u00f6\u00dfe zugeschickt.<\/p>\n<p>Sind jedoch die eingegeben Ma\u00dfe, die du laut unserer Gr\u00f6\u00dfenfindungsanleitung genommen hast, nicht richtig gewesen, kannst du den Artikel in der Regel nicht retour senden. Sollte da etwas schief gelaufen sein, kannst du dich gerne bei mir melden, und wir finden zusammen eine L\u00f6sung.<\/p>\n<\/div><\/div><\/div><\/div><\/div><\/div><\/div><\/div><\/div>\n","protected":false},"excerpt":{"rendered":"","protected":false},"author":4,"featured_media":0,"parent":0,"menu_order":0,"comment_status":"closed","ping_status":"open","template":"100-width.php","meta":{"footnotes":""},"class_list":["post-2897","page","type-page","status-publish","hentry"],"_links":{"self":[{"href":"https:\/\/klartext-staging.at\/cordolina\/wp-json\/wp\/v2\/pages\/2897","targetHints":{"allow":["GET"]}}],"collection":[{"href":"https:\/\/klartext-staging.at\/cordolina\/wp-json\/wp\/v2\/pages"}],"about":[{"href":"https:\/\/klartext-staging.at\/cordolina\/wp-json\/wp\/v2\/types\/page"}],"author":[{"embeddable":true,"href":"https:\/\/klartext-staging.at\/cordolina\/wp-json\/wp\/v2\/users\/4"}],"replies":[{"embeddable":true,"href":"https:\/\/klartext-staging.at\/cordolina\/wp-json\/wp\/v2\/comments?post=2897"}],"version-history":[{"count":11,"href":"https:\/\/klartext-staging.at\/cordolina\/wp-json\/wp\/v2\/pages\/2897\/revisions"}],"predecessor-version":[{"id":3235,"href":"https:\/\/klartext-staging.at\/cordolina\/wp-json\/wp\/v2\/pages\/2897\/revisions\/3235"}],"wp:attachment":[{"href":"https:\/\/klartext-staging.at\/cordolina\/wp-json\/wp\/v2\/media?parent=2897"}],"curies":[{"name":"wp","href":"https:\/\/api.w.org\/{rel}","templated":true}]}}