{"id":2653,"date":"2023-04-21T11:02:55","date_gmt":"2023-04-21T09:02:55","guid":{"rendered":"https:\/\/klartext-staging.at\/cordolina\/?post_type=product&#038;p=2653"},"modified":"2023-12-17T19:10:13","modified_gmt":"2023-12-17T18:10:13","slug":"trainer","status":"publish","type":"product","link":"https:\/\/klartext-staging.at\/cordolina\/produkt\/trainer\/","title":{"rendered":"Trainer"},"content":{"rendered":"<p>Das Trainer-Set wurde speziell f\u00fcr das Hundetraining entworfen. Die Leine hat keine Schlaufe oder Ringe. Das erm\u00f6glicht es, sie beim Arbeiten am Hund zu lassen, sodass dieser sich weder verletzen noch h\u00e4ngen bleiben kann. Das Halsband und die Leine bestehen aus Biothane, was die Reinigung sehr vereinfacht.<\/p>\n","protected":false},"excerpt":{"rendered":"<p>Weitere Informationen:<\/p>\n<p>Das Biothanehalsband ist gr\u00f6\u00dfenverstellbar.<\/p>\n<p>Lieferzeit 7-10 Werktage<\/p>\n<p>Gr\u00f6\u00dfenfindung:<br \/>\nEinfach den Halsumfang des Hundes abmessen.<\/p>\n","protected":false},"featured_media":2681,"template":"","meta":[],"product_brand":[],"product_cat":[55],"product_tag":[],"class_list":{"0":"post-2653","1":"product","2":"type-product","3":"status-publish","4":"has-post-thumbnail","6":"product_cat-sets","8":"first","9":"instock","10":"taxable","11":"shipping-taxable","12":"purchasable","13":"product-type-simple"},"_links":{"self":[{"href":"https:\/\/klartext-staging.at\/cordolina\/wp-json\/wp\/v2\/product\/2653","targetHints":{"allow":["GET"]}}],"collection":[{"href":"https:\/\/klartext-staging.at\/cordolina\/wp-json\/wp\/v2\/product"}],"about":[{"href":"https:\/\/klartext-staging.at\/cordolina\/wp-json\/wp\/v2\/types\/product"}],"wp:featuredmedia":[{"embeddable":true,"href":"https:\/\/klartext-staging.at\/cordolina\/wp-json\/wp\/v2\/media\/2681"}],"wp:attachment":[{"href":"https:\/\/klartext-staging.at\/cordolina\/wp-json\/wp\/v2\/media?parent=2653"}],"wp:term":[{"taxonomy":"product_brand","embeddable":true,"href":"https:\/\/klartext-staging.at\/cordolina\/wp-json\/wp\/v2\/product_brand?post=2653"},{"taxonomy":"product_cat","embeddable":true,"href":"https:\/\/klartext-staging.at\/cordolina\/wp-json\/wp\/v2\/product_cat?post=2653"},{"taxonomy":"product_tag","embeddable":true,"href":"https:\/\/klartext-staging.at\/cordolina\/wp-json\/wp\/v2\/product_tag?post=2653"}],"curies":[{"name":"wp","href":"https:\/\/api.w.org\/{rel}","templated":true}]}}