{"id":2676,"date":"2023-05-09T22:44:03","date_gmt":"2023-05-09T20:44:03","guid":{"rendered":"https:\/\/klartext-staging.at\/cordolina\/?post_type=product&#038;p=2676"},"modified":"2023-12-17T19:09:53","modified_gmt":"2023-12-17T18:09:53","slug":"schluesselanhaenger-harz","status":"publish","type":"product","link":"https:\/\/klartext-staging.at\/cordolina\/produkt\/schluesselanhaenger-harz\/","title":{"rendered":"Schl\u00fcsselanh\u00e4nger Harz"},"content":{"rendered":"<p>Du willst einen Teil deines Vierbeiners immer bei dir haben? Dann ist dieser Anh\u00e4nger genau das Richtige. Hier kannst du mir einen Teil der Haare, der M\u00e4hne oder des Schweifs schicken, und ich f\u00fcge diesen in den Anh\u00e4nger ein. Zudem kannst du nach Wunsch noch Gold- oder Silberbl\u00e4tter einarbeiten lassen, was den Anh\u00e4nger noch besser aussehen l\u00e4sst.<\/p>\n","protected":false},"excerpt":{"rendered":"<p>Weitere Informationen:<\/p>\n<p>Die Schl\u00fcsselanh\u00e4nger werden ganz nach deinen W\u00fcnschen f\u00fcr dich angefertigt. Solltest du keine Haare mehr haben oder das nicht wollen, kann ich die den Anh\u00e4nger auch ohne machen.<\/p>\n<p>Lieferzeit 2-3 Wochen (nach Eintreffen der Haare)<\/p>\n","protected":false},"featured_media":3036,"template":"","meta":[],"product_brand":[],"product_cat":[34],"product_tag":[],"class_list":{"0":"post-2676","1":"product","2":"type-product","3":"status-publish","4":"has-post-thumbnail","6":"product_cat-zubehoer","8":"first","9":"instock","10":"taxable","11":"shipping-taxable","12":"purchasable","13":"product-type-simple"},"_links":{"self":[{"href":"https:\/\/klartext-staging.at\/cordolina\/wp-json\/wp\/v2\/product\/2676","targetHints":{"allow":["GET"]}}],"collection":[{"href":"https:\/\/klartext-staging.at\/cordolina\/wp-json\/wp\/v2\/product"}],"about":[{"href":"https:\/\/klartext-staging.at\/cordolina\/wp-json\/wp\/v2\/types\/product"}],"wp:featuredmedia":[{"embeddable":true,"href":"https:\/\/klartext-staging.at\/cordolina\/wp-json\/wp\/v2\/media\/3036"}],"wp:attachment":[{"href":"https:\/\/klartext-staging.at\/cordolina\/wp-json\/wp\/v2\/media?parent=2676"}],"wp:term":[{"taxonomy":"product_brand","embeddable":true,"href":"https:\/\/klartext-staging.at\/cordolina\/wp-json\/wp\/v2\/product_brand?post=2676"},{"taxonomy":"product_cat","embeddable":true,"href":"https:\/\/klartext-staging.at\/cordolina\/wp-json\/wp\/v2\/product_cat?post=2676"},{"taxonomy":"product_tag","embeddable":true,"href":"https:\/\/klartext-staging.at\/cordolina\/wp-json\/wp\/v2\/product_tag?post=2676"}],"curies":[{"name":"wp","href":"https:\/\/api.w.org\/{rel}","templated":true}]}}