{"id":2931,"date":"2023-05-12T23:14:25","date_gmt":"2023-05-12T21:14:25","guid":{"rendered":"https:\/\/klartext-staging.at\/cordolina\/?post_type=product&#038;p=2931"},"modified":"2023-12-17T19:06:13","modified_gmt":"2023-12-17T18:06:13","slug":"walker-leine","status":"publish","type":"product","link":"https:\/\/klartext-staging.at\/cordolina\/produkt\/walker-leine\/","title":{"rendered":"Walker Leine"},"content":{"rendered":"<p>Die perfekte Leine f\u00fcr gem\u00fctliche Spazierg\u00e4nge und f\u00fcr den Alltag. Durch die zwei Ringe l\u00e4sst sie sich gut verstellen und ist somit auf jede Situation anpassbar.<\/p>\n","protected":false},"excerpt":{"rendered":"<p>Weitere Informationen:<br \/>\nDie Leine besteht aus Polypropylen-Seil, was speziell f\u00fcr Hundeleinen entwickelt wurde. Dieses Seil ist sehr leicht in der Handhabung und absorbiert kein Wasser, weshalb es schwimmf\u00e4hig ist und schnell trocknet.<\/p>\n<p>Lieferzeit 7-10 Werktage<\/p>\n","protected":false},"featured_media":2692,"template":"","meta":[],"product_brand":[],"product_cat":[54],"product_tag":[],"class_list":{"0":"post-2931","1":"product","2":"type-product","3":"status-publish","4":"has-post-thumbnail","6":"product_cat-leinen","8":"first","9":"instock","10":"taxable","11":"shipping-taxable","12":"purchasable","13":"product-type-simple"},"_links":{"self":[{"href":"https:\/\/klartext-staging.at\/cordolina\/wp-json\/wp\/v2\/product\/2931","targetHints":{"allow":["GET"]}}],"collection":[{"href":"https:\/\/klartext-staging.at\/cordolina\/wp-json\/wp\/v2\/product"}],"about":[{"href":"https:\/\/klartext-staging.at\/cordolina\/wp-json\/wp\/v2\/types\/product"}],"wp:featuredmedia":[{"embeddable":true,"href":"https:\/\/klartext-staging.at\/cordolina\/wp-json\/wp\/v2\/media\/2692"}],"wp:attachment":[{"href":"https:\/\/klartext-staging.at\/cordolina\/wp-json\/wp\/v2\/media?parent=2931"}],"wp:term":[{"taxonomy":"product_brand","embeddable":true,"href":"https:\/\/klartext-staging.at\/cordolina\/wp-json\/wp\/v2\/product_brand?post=2931"},{"taxonomy":"product_cat","embeddable":true,"href":"https:\/\/klartext-staging.at\/cordolina\/wp-json\/wp\/v2\/product_cat?post=2931"},{"taxonomy":"product_tag","embeddable":true,"href":"https:\/\/klartext-staging.at\/cordolina\/wp-json\/wp\/v2\/product_tag?post=2931"}],"curies":[{"name":"wp","href":"https:\/\/api.w.org\/{rel}","templated":true}]}}