{"id":2932,"date":"2023-05-12T23:17:52","date_gmt":"2023-05-12T21:17:52","guid":{"rendered":"https:\/\/klartext-staging.at\/cordolina\/?post_type=product&#038;p=2932"},"modified":"2023-12-17T19:06:37","modified_gmt":"2023-12-17T18:06:37","slug":"shopper-halsband","status":"publish","type":"product","link":"https:\/\/klartext-staging.at\/cordolina\/produkt\/shopper-halsband\/","title":{"rendered":"Shopper Halsband"},"content":{"rendered":"<p>Das Shopper Halsband wurde speziell f\u00fcr den Alltag entworfen. Durch das tolle Aussehen kann es nicht nur f\u00fcr Spazierg\u00e4nge getragen werden, sondern auch zu besonderen Anl\u00e4ssen.<\/p>\n","protected":false},"excerpt":{"rendered":"<p>Weitere Informationen:<br \/>\nDas Halsband besteht aus einem Polypropylen-Seil, das speziell f\u00fcr Hundeleinen entwickelt wurde, und Biothane. Das Seil ist sehr leicht in der Handhabung und absorbiert kein Wasser, weshalb es schwimmf\u00e4hig ist und schnell trocknet.<\/p>\n<p>Lieferzeit 7-10 Werktage<\/p>\n<p>Gr\u00f6\u00dfenfindung:<\/p>\n<p>Einfach den Halsumfang deines Hundes abmessen und eintragen.<\/p>\n","protected":false},"featured_media":2700,"template":"","meta":[],"product_brand":[],"product_cat":[53],"product_tag":[],"class_list":{"0":"post-2932","1":"product","2":"type-product","3":"status-publish","4":"has-post-thumbnail","6":"product_cat-halsbaender","8":"first","9":"instock","10":"taxable","11":"shipping-taxable","12":"purchasable","13":"product-type-simple"},"_links":{"self":[{"href":"https:\/\/klartext-staging.at\/cordolina\/wp-json\/wp\/v2\/product\/2932","targetHints":{"allow":["GET"]}}],"collection":[{"href":"https:\/\/klartext-staging.at\/cordolina\/wp-json\/wp\/v2\/product"}],"about":[{"href":"https:\/\/klartext-staging.at\/cordolina\/wp-json\/wp\/v2\/types\/product"}],"wp:featuredmedia":[{"embeddable":true,"href":"https:\/\/klartext-staging.at\/cordolina\/wp-json\/wp\/v2\/media\/2700"}],"wp:attachment":[{"href":"https:\/\/klartext-staging.at\/cordolina\/wp-json\/wp\/v2\/media?parent=2932"}],"wp:term":[{"taxonomy":"product_brand","embeddable":true,"href":"https:\/\/klartext-staging.at\/cordolina\/wp-json\/wp\/v2\/product_brand?post=2932"},{"taxonomy":"product_cat","embeddable":true,"href":"https:\/\/klartext-staging.at\/cordolina\/wp-json\/wp\/v2\/product_cat?post=2932"},{"taxonomy":"product_tag","embeddable":true,"href":"https:\/\/klartext-staging.at\/cordolina\/wp-json\/wp\/v2\/product_tag?post=2932"}],"curies":[{"name":"wp","href":"https:\/\/api.w.org\/{rel}","templated":true}]}}