{"id":2939,"date":"2023-05-13T08:17:56","date_gmt":"2023-05-13T06:17:56","guid":{"rendered":"https:\/\/klartext-staging.at\/cordolina\/?post_type=product&#038;p=2939"},"modified":"2023-12-17T19:05:29","modified_gmt":"2023-12-17T18:05:29","slug":"trainer-leine","status":"publish","type":"product","link":"https:\/\/klartext-staging.at\/cordolina\/produkt\/trainer-leine\/","title":{"rendered":"Trainer Leine"},"content":{"rendered":"<p>Die Trainer Leine wurde speziell f\u00fcr das Hundetraining entworfen. Die Leine hat keine Schlaufe oder Ringe. Das erm\u00f6glicht es, sie beim Arbeiten am Hund zu lassen, sodass dieser weder h\u00e4ngenbleiben noch sich verletzen kann. Die Leine besteht aus Biothane, was die Reinigung sehr einfach macht.<\/p>\n","protected":false},"excerpt":{"rendered":"<p>Weitere Informationen:<\/p>\n<p>Lieferzeit 7-10 Werktage<\/p>\n","protected":false},"featured_media":2686,"template":"","meta":[],"product_brand":[],"product_cat":[54],"product_tag":[],"class_list":{"0":"post-2939","1":"product","2":"type-product","3":"status-publish","4":"has-post-thumbnail","6":"product_cat-leinen","8":"first","9":"instock","10":"taxable","11":"shipping-taxable","12":"purchasable","13":"product-type-simple"},"_links":{"self":[{"href":"https:\/\/klartext-staging.at\/cordolina\/wp-json\/wp\/v2\/product\/2939","targetHints":{"allow":["GET"]}}],"collection":[{"href":"https:\/\/klartext-staging.at\/cordolina\/wp-json\/wp\/v2\/product"}],"about":[{"href":"https:\/\/klartext-staging.at\/cordolina\/wp-json\/wp\/v2\/types\/product"}],"wp:featuredmedia":[{"embeddable":true,"href":"https:\/\/klartext-staging.at\/cordolina\/wp-json\/wp\/v2\/media\/2686"}],"wp:attachment":[{"href":"https:\/\/klartext-staging.at\/cordolina\/wp-json\/wp\/v2\/media?parent=2939"}],"wp:term":[{"taxonomy":"product_brand","embeddable":true,"href":"https:\/\/klartext-staging.at\/cordolina\/wp-json\/wp\/v2\/product_brand?post=2939"},{"taxonomy":"product_cat","embeddable":true,"href":"https:\/\/klartext-staging.at\/cordolina\/wp-json\/wp\/v2\/product_cat?post=2939"},{"taxonomy":"product_tag","embeddable":true,"href":"https:\/\/klartext-staging.at\/cordolina\/wp-json\/wp\/v2\/product_tag?post=2939"}],"curies":[{"name":"wp","href":"https:\/\/api.w.org\/{rel}","templated":true}]}}