{"id":3224,"date":"2023-06-06T18:47:57","date_gmt":"2023-06-06T16:47:57","guid":{"rendered":"https:\/\/klartext-staging.at\/cordolina\/?post_type=product&#038;p=3224"},"modified":"2023-12-17T19:04:57","modified_gmt":"2023-12-17T18:04:57","slug":"walker","status":"publish","type":"product","link":"https:\/\/klartext-staging.at\/cordolina\/produkt\/walker\/","title":{"rendered":"Walker"},"content":{"rendered":"<p>Das perfekte Leinen-Halsband-Set f\u00fcr gem\u00fctliche Spazierg\u00e4nge. Auch, wenn es mal schnell gehen muss, ist dieses Modell die beste Wahl, da das Halsband ganz einfach \u00fcbergezogen werden kann und keinen l\u00e4stigen Verschluss hat.<\/p>\n","protected":false},"excerpt":{"rendered":"<p>Weitere Informationen:<br \/>\nDas Zugstopphalsband mit der passenden Leine bestehen aus einem Polypropylen-Seil, das speziell f\u00fcr Hundeleinen entwickelt wurde. Dieses Seil ist sehr leicht in der Handhabung und absorbiert kein Wasser, weshalb es schwimmf\u00e4hig ist und schnell trocknet.<\/p>\n<p>Lieferzeit 7-10 Werktage<\/p>\n<p>Gr\u00f6\u00dfenfindung:<\/p>\n<p>Um die richtige Gr\u00f6\u00dfe f\u00fcr Ihren Vierbeiner zu bestellen, messen Sie Ihren Hund so ab, dass Sie das Halsband Ihrem Hund gut \u00fcberziehen und abziehen k\u00f6nnen. Am besten nehmen Sie ein Seil, einen Faden, ein Band oder ein anderes Halsband und stellen dies so ein, dass Sie es gut anlegen und abnehmen k\u00f6nnen. Anschlie\u00dfend messen Sie diese L\u00e4nge ab und geben Sie sie bei Halsbandgr\u00f6\u00dfe ein.<\/p>\n","protected":false},"featured_media":2688,"template":"","meta":[],"product_brand":[],"product_cat":[55],"product_tag":[],"class_list":{"0":"post-3224","1":"product","2":"type-product","3":"status-publish","4":"has-post-thumbnail","6":"product_cat-sets","8":"first","9":"instock","10":"taxable","11":"shipping-taxable","12":"purchasable","13":"product-type-simple"},"_links":{"self":[{"href":"https:\/\/klartext-staging.at\/cordolina\/wp-json\/wp\/v2\/product\/3224","targetHints":{"allow":["GET"]}}],"collection":[{"href":"https:\/\/klartext-staging.at\/cordolina\/wp-json\/wp\/v2\/product"}],"about":[{"href":"https:\/\/klartext-staging.at\/cordolina\/wp-json\/wp\/v2\/types\/product"}],"wp:featuredmedia":[{"embeddable":true,"href":"https:\/\/klartext-staging.at\/cordolina\/wp-json\/wp\/v2\/media\/2688"}],"wp:attachment":[{"href":"https:\/\/klartext-staging.at\/cordolina\/wp-json\/wp\/v2\/media?parent=3224"}],"wp:term":[{"taxonomy":"product_brand","embeddable":true,"href":"https:\/\/klartext-staging.at\/cordolina\/wp-json\/wp\/v2\/product_brand?post=3224"},{"taxonomy":"product_cat","embeddable":true,"href":"https:\/\/klartext-staging.at\/cordolina\/wp-json\/wp\/v2\/product_cat?post=3224"},{"taxonomy":"product_tag","embeddable":true,"href":"https:\/\/klartext-staging.at\/cordolina\/wp-json\/wp\/v2\/product_tag?post=3224"}],"curies":[{"name":"wp","href":"https:\/\/api.w.org\/{rel}","templated":true}]}}