{"id":3339,"date":"2023-12-01T00:01:01","date_gmt":"2023-11-30T23:01:01","guid":{"rendered":"https:\/\/klartext-staging.at\/cordolina\/?post_type=product&#038;p=3339"},"modified":"2024-02-19T09:43:06","modified_gmt":"2024-02-19T08:43:06","slug":"eastside-chains-kette","status":"publish","type":"product","link":"https:\/\/klartext-staging.at\/cordolina\/produkt\/eastside-chains-kette\/","title":{"rendered":"Eastside Chains Kette"},"content":{"rendered":"<p>Pulverbeschichtete Kette langgliedrig von Eastside Chains.<\/p>\n<p>Der Verschluss der Kette ist ein Schraubkarabiner, der maximale Sicherheit f\u00fcr deinen Vierbeiner bedeutet. Es kann sich nichts l\u00f6sen oder \u00f6ffnen.<\/p>\n<p>Anhand der Kettenglieder kannst du die Kette locker als Schmuckkette einstellen oder aber auch enganliegend als Halsband.<\/p>\n<p>Die Kette verf\u00fcgt \u00fcber eine Bruchlast von 500kg und wiegt bei einem Halsumfang von 50cm gerade einmal 145g.<\/p>\n","protected":false},"excerpt":{"rendered":"<p>Weitere Informationen:<\/p>\n<p>Es sind vorerst nur die Farben erh\u00e4ltlich, die ihr ausw\u00e4hlen k\u00f6nnt.Die pulverbeschichteten Ketten sind grunds\u00e4tzlich sto\u00df-, kratz- und schlagfest. Ebenso ist die Beschichtung salzwasserbest\u00e4ndig. Jedoch hat jedes Material seine Grenzen. Bei dauerhafter Belastung und Nutzug kann dieses besch\u00e4digt werden und sich abnutzen. Abnutzung ist normal!<br \/>\nAufgrund des Beschichtungsprozesses\u00a0 der beweglichen Kettenglieder, bleiben kleine silberne Flecken an den Stellen, die sich ber\u00fchren. Beim Tragen der Kette sind diese nicht sichtbar! Das ist kein R\u00fcckgabegrund!<\/p>\n<p>Lieferzeit 2-4 Wochen<\/p>\n<p>Gr\u00f6\u00dfenfindung:<\/p>\n<p>Jedes Kettenglied hat einen Durchmesser von 4mm. Die L\u00e4nge der Kette errechnet sich anhand des Halsumfanges deines Hundes. Miss den Halsumfang deines Hundes eng anliegend. Die L\u00e4nge deiner Kette ergibt sich aus dem gemessenen Halsumfang + 5cm.<\/p>\n","protected":false},"featured_media":3433,"template":"","meta":[],"product_brand":[],"product_cat":[53],"product_tag":[],"class_list":{"0":"post-3339","1":"product","2":"type-product","3":"status-publish","4":"has-post-thumbnail","6":"product_cat-halsbaender","8":"first","9":"instock","10":"taxable","11":"shipping-taxable","12":"purchasable","13":"product-type-simple"},"_links":{"self":[{"href":"https:\/\/klartext-staging.at\/cordolina\/wp-json\/wp\/v2\/product\/3339","targetHints":{"allow":["GET"]}}],"collection":[{"href":"https:\/\/klartext-staging.at\/cordolina\/wp-json\/wp\/v2\/product"}],"about":[{"href":"https:\/\/klartext-staging.at\/cordolina\/wp-json\/wp\/v2\/types\/product"}],"wp:featuredmedia":[{"embeddable":true,"href":"https:\/\/klartext-staging.at\/cordolina\/wp-json\/wp\/v2\/media\/3433"}],"wp:attachment":[{"href":"https:\/\/klartext-staging.at\/cordolina\/wp-json\/wp\/v2\/media?parent=3339"}],"wp:term":[{"taxonomy":"product_brand","embeddable":true,"href":"https:\/\/klartext-staging.at\/cordolina\/wp-json\/wp\/v2\/product_brand?post=3339"},{"taxonomy":"product_cat","embeddable":true,"href":"https:\/\/klartext-staging.at\/cordolina\/wp-json\/wp\/v2\/product_cat?post=3339"},{"taxonomy":"product_tag","embeddable":true,"href":"https:\/\/klartext-staging.at\/cordolina\/wp-json\/wp\/v2\/product_tag?post=3339"}],"curies":[{"name":"wp","href":"https:\/\/api.w.org\/{rel}","templated":true}]}}