{"id":3359,"date":"2023-12-01T00:01:18","date_gmt":"2023-11-30T23:01:18","guid":{"rendered":"https:\/\/klartext-staging.at\/cordolina\/?post_type=product&#038;p=3359"},"modified":"2023-12-18T16:31:37","modified_gmt":"2023-12-18T15:31:37","slug":"trainer-deluxe","status":"publish","type":"product","link":"https:\/\/klartext-staging.at\/cordolina\/produkt\/trainer-deluxe\/","title":{"rendered":"Trainer Deluxe"},"content":{"rendered":"<p>Das Trainer-Deluxe-Set wurde speziell f\u00fcr das Hundetraining zusammengestellt. Die Leine hat keine Schlaufe oder Ringe. Das erm\u00f6glicht es, sie beim Arbeiten am Hund zu lassen, sodass dieser sich weder verletzen noch h\u00e4ngen bleiben kann. Die Leine bestehen aus Biothane, was sehr einfach ist zu reinigen. Die langgliedrige Kette von Eastside Chains ist Pulverbeschichtete und hat einen Schraubkarabinerverschluss, der maximale Sicherheit f\u00fcr dienen Vierbeiner bedeutet.<\/p>\n","protected":false},"excerpt":{"rendered":"<p>Weitere Informationen:<\/p>\n<p>Es sind vorerst nur die Farben erh\u00e4ltlich, die du ausw\u00e4hlen kannst. Die Farben von der Kette und der Leinen k\u00f6nnen unter umst\u00e4nden nicht zu 100% identisch sein, passen jedoch zusammen.<\/p>\n<p>Die pulverbeschichteten Ketten sind grunds\u00e4tzlich sto\u00df-, kratz- und schlagfest. Ebenso ist die Beschichtung salzwasserbest\u00e4ndig. Jedoch hat jedes Material seine Grenzen. Bei dauerhafter Belastung und Nutzug kann dieses besch\u00e4digt werden und sich abnutzen. Abnutzung ist normal!<br \/>\nAufgrund des Beschichtungsprozesses\u00a0 der beweglichen Kettenglieder, bleiben kleine silberne Flecken an den Stellen, die sich ber\u00fchren. Beim Tragen der Kette sind diese nicht sichtbar! Das ist kein R\u00fcckgabegrund!<\/p>\n<p>Lieferzeit 7-10 Werktage<\/p>\n<p>Gr\u00f6\u00dfenfindung:<br \/>\nMiss den Halsumfang deines Hundes eng anliegend. Die L\u00e4nge deiner Kette ergibt sich aus dem gemessenen Halsumfang + 5cm.<\/p>\n","protected":false},"featured_media":3425,"template":"","meta":[],"product_brand":[],"product_cat":[55],"product_tag":[],"class_list":{"0":"post-3359","1":"product","2":"type-product","3":"status-publish","4":"has-post-thumbnail","6":"product_cat-sets","8":"first","9":"instock","10":"taxable","11":"shipping-taxable","12":"purchasable","13":"product-type-simple"},"_links":{"self":[{"href":"https:\/\/klartext-staging.at\/cordolina\/wp-json\/wp\/v2\/product\/3359","targetHints":{"allow":["GET"]}}],"collection":[{"href":"https:\/\/klartext-staging.at\/cordolina\/wp-json\/wp\/v2\/product"}],"about":[{"href":"https:\/\/klartext-staging.at\/cordolina\/wp-json\/wp\/v2\/types\/product"}],"wp:featuredmedia":[{"embeddable":true,"href":"https:\/\/klartext-staging.at\/cordolina\/wp-json\/wp\/v2\/media\/3425"}],"wp:attachment":[{"href":"https:\/\/klartext-staging.at\/cordolina\/wp-json\/wp\/v2\/media?parent=3359"}],"wp:term":[{"taxonomy":"product_brand","embeddable":true,"href":"https:\/\/klartext-staging.at\/cordolina\/wp-json\/wp\/v2\/product_brand?post=3359"},{"taxonomy":"product_cat","embeddable":true,"href":"https:\/\/klartext-staging.at\/cordolina\/wp-json\/wp\/v2\/product_cat?post=3359"},{"taxonomy":"product_tag","embeddable":true,"href":"https:\/\/klartext-staging.at\/cordolina\/wp-json\/wp\/v2\/product_tag?post=3359"}],"curies":[{"name":"wp","href":"https:\/\/api.w.org\/{rel}","templated":true}]}}