{"id":3368,"date":"2023-12-01T00:01:13","date_gmt":"2023-11-30T23:01:13","guid":{"rendered":"https:\/\/klartext-staging.at\/cordolina\/?post_type=product&#038;p=3368"},"modified":"2024-08-13T15:52:21","modified_gmt":"2024-08-13T13:52:21","slug":"mf-huetehund-1","status":"publish","type":"product","link":"https:\/\/klartext-staging.at\/cordolina\/produkt\/mf-huetehund-1\/","title":{"rendered":"MF H\u00fctehund 1"},"content":{"rendered":"<p>Die Drahtmaulk\u00f6rbe von Maulkorbfactory bieten einen hohen Tragekomfort und gen\u00fcgend Freiraum f\u00fcr deinen vierbeinigen Begleiter.<\/p>\n","protected":false},"excerpt":{"rendered":"<p>Weitere Informationen:<br \/>\nGeeignet f\u00fcr Border Collie, Australian Shepherd und Co, mit einer Schnauzenl\u00e4nge von 7-9cm und einem Schnauzenumfang von 23-26cm (grobe Richtwerte).<br \/>\nDie leicht angehobene Nasenpartie verhindert ein aufliegen auf dem Nasenschwamm.<br \/>\nDanatomisch vorgeformte Rundung der Seitenb\u00fcgel, passen sich gut den Wangen an.<br \/>\nEr hat besonders schmales Design f\u00fcr zarte Schnauzen.<\/p>\n<p>Wir weisen ausdr\u00fccklich darauf hin, dass beschichtete K\u00f6rbe oder bereits vom Kunden gebogene K\u00f6rbe vom Umtausch ausgeschlossen sind!<\/p>\n<p>Lieferzeit 4-5 Wochen<\/p>\n<p>Gr\u00f6\u00dfenfindung:<\/p>\n<table>\n<tbody>\n<tr>\n<td>Modell<\/td>\n<td>MF H\u00fctehund lang<\/td>\n<td>MF H\u00fctehund kurz<\/td>\n<\/tr>\n<tr>\n<td>L\u00e4nge inkl. Nasenpolster<\/td>\n<td>9,5cm<\/td>\n<td>7,5cm<\/td>\n<\/tr>\n<tr>\n<td>Innenumfang<\/td>\n<td>36cm<\/td>\n<td>36cm<\/td>\n<\/tr>\n<tr>\n<td>Breite<\/td>\n<td>8cm<\/td>\n<td>8cm<\/td>\n<\/tr>\n<tr>\n<td>H\u00f6he vorn<\/td>\n<td>14cm<\/td>\n<td>14cm<\/td>\n<\/tr>\n<tr>\n<td>H\u00f6he offene Seite<\/td>\n<td>13,5cm<\/td>\n<td>13,5cm<\/td>\n<\/tr>\n<\/tbody>\n<\/table>\n","protected":false},"featured_media":3369,"template":"","meta":[],"product_brand":[],"product_cat":[57],"product_tag":[],"class_list":{"0":"post-3368","1":"product","2":"type-product","3":"status-publish","4":"has-post-thumbnail","6":"product_cat-maulkoerbe","8":"first","9":"instock","10":"taxable","11":"shipping-taxable","12":"purchasable","13":"product-type-simple"},"_links":{"self":[{"href":"https:\/\/klartext-staging.at\/cordolina\/wp-json\/wp\/v2\/product\/3368","targetHints":{"allow":["GET"]}}],"collection":[{"href":"https:\/\/klartext-staging.at\/cordolina\/wp-json\/wp\/v2\/product"}],"about":[{"href":"https:\/\/klartext-staging.at\/cordolina\/wp-json\/wp\/v2\/types\/product"}],"wp:featuredmedia":[{"embeddable":true,"href":"https:\/\/klartext-staging.at\/cordolina\/wp-json\/wp\/v2\/media\/3369"}],"wp:attachment":[{"href":"https:\/\/klartext-staging.at\/cordolina\/wp-json\/wp\/v2\/media?parent=3368"}],"wp:term":[{"taxonomy":"product_brand","embeddable":true,"href":"https:\/\/klartext-staging.at\/cordolina\/wp-json\/wp\/v2\/product_brand?post=3368"},{"taxonomy":"product_cat","embeddable":true,"href":"https:\/\/klartext-staging.at\/cordolina\/wp-json\/wp\/v2\/product_cat?post=3368"},{"taxonomy":"product_tag","embeddable":true,"href":"https:\/\/klartext-staging.at\/cordolina\/wp-json\/wp\/v2\/product_tag?post=3368"}],"curies":[{"name":"wp","href":"https:\/\/api.w.org\/{rel}","templated":true}]}}