{"id":3406,"date":"2023-12-15T21:39:19","date_gmt":"2023-12-15T20:39:19","guid":{"rendered":"https:\/\/klartext-staging.at\/cordolina\/?post_type=product&#038;p=3406"},"modified":"2024-02-05T07:18:58","modified_gmt":"2024-02-05T06:18:58","slug":"deluxe","status":"publish","type":"product","link":"https:\/\/klartext-staging.at\/cordolina\/produkt\/deluxe\/","title":{"rendered":"Deluxe"},"content":{"rendered":"<p>Das Deluxe-Set ist ein echter Hingucker. Die Leine l\u00e4sst sich durch die zwei Ringe verstellen und ist somi auf jede Situation anpassbar. Sie besteht aus Biothane, was sehr einfach ist zu reinigen. Die langgliedrige Kette von Eastside Chains ist Pulverbeschichtete und hat einen Schraubkarabinerverschluss, der maximale Sicherheit f\u00fcr dienen Vierbeiner bedeutet.<\/p>\n","protected":false},"excerpt":{"rendered":"<p>Weitere Informationen:<\/p>\n<p>Es sind vorerst nur die Farben erh\u00e4ltlich, die du ausw\u00e4hlen kannst. Die Farben von der Kette und der Leinen k\u00f6nnen unter umst\u00e4nden nicht zu 100% identisch sein, passen jedoch zusammen.<\/p>\n<p>Die pulverbeschichteten Ketten sind grunds\u00e4tzlich sto\u00df-, kratz- und schlagfest. Ebenso ist die Beschichtung salzwasserbest\u00e4ndig. Jedoch hat jedes Material seine Grenzen. Bei dauerhafter Belastung und Nutzug kann dieses besch\u00e4digt werden und sich abnutzen. Abnutzung ist normal!<br \/>\nAufgrund des Beschichtungsprozesses\u00a0 der beweglichen Kettenglieder, bleiben kleine silberne Flecken an den Stellen, die sich ber\u00fchren. Beim Tragen der Kette sind diese nicht sichtbar! Das ist kein R\u00fcckgabegrund!<\/p>\n<p>Lieferzeit 7-10 Werktage<\/p>\n<p>Gr\u00f6\u00dfenfindung:<br \/>\nMiss den Halsumfang deines Hundes eng anliegend. Die L\u00e4nge deiner Kette ergibt sich aus dem gemessenen Halsumfang + 5cm.<\/p>\n","protected":false},"featured_media":3424,"template":"","meta":[],"product_brand":[],"product_cat":[55],"product_tag":[],"class_list":{"0":"post-3406","1":"product","2":"type-product","3":"status-publish","4":"has-post-thumbnail","6":"product_cat-sets","8":"first","9":"instock","10":"taxable","11":"shipping-taxable","12":"purchasable","13":"product-type-simple"},"_links":{"self":[{"href":"https:\/\/klartext-staging.at\/cordolina\/wp-json\/wp\/v2\/product\/3406","targetHints":{"allow":["GET"]}}],"collection":[{"href":"https:\/\/klartext-staging.at\/cordolina\/wp-json\/wp\/v2\/product"}],"about":[{"href":"https:\/\/klartext-staging.at\/cordolina\/wp-json\/wp\/v2\/types\/product"}],"wp:featuredmedia":[{"embeddable":true,"href":"https:\/\/klartext-staging.at\/cordolina\/wp-json\/wp\/v2\/media\/3424"}],"wp:attachment":[{"href":"https:\/\/klartext-staging.at\/cordolina\/wp-json\/wp\/v2\/media?parent=3406"}],"wp:term":[{"taxonomy":"product_brand","embeddable":true,"href":"https:\/\/klartext-staging.at\/cordolina\/wp-json\/wp\/v2\/product_brand?post=3406"},{"taxonomy":"product_cat","embeddable":true,"href":"https:\/\/klartext-staging.at\/cordolina\/wp-json\/wp\/v2\/product_cat?post=3406"},{"taxonomy":"product_tag","embeddable":true,"href":"https:\/\/klartext-staging.at\/cordolina\/wp-json\/wp\/v2\/product_tag?post=3406"}],"curies":[{"name":"wp","href":"https:\/\/api.w.org\/{rel}","templated":true}]}}