{"id":3451,"date":"2024-01-25T09:13:56","date_gmt":"2024-01-25T08:13:56","guid":{"rendered":"https:\/\/klartext-staging.at\/cordolina\/?post_type=product&#038;p=3451"},"modified":"2024-01-31T08:51:25","modified_gmt":"2024-01-31T07:51:25","slug":"tuulove-hundeseife-classic","status":"publish","type":"product","link":"https:\/\/klartext-staging.at\/cordolina\/produkt\/tuulove-hundeseife-classic\/","title":{"rendered":"TUULOVE Hundeseife classic"},"content":{"rendered":"<p>Die TUULOVE classic Hundeseife ist speziell auf die Bed\u00fcrfnisse von Hunden abgestimmt, die das Fell deines Hundes mild und pflegend reinigt.<\/p>\n","protected":false},"excerpt":{"rendered":"<p>Weitere Informationen:<\/p>\n<p>Das in der Rezeptur enthaltende Kokos\u00f6l ist vielseitig, es soll unter anderem hautpflegende Eigenschaften haben und spr\u00f6de Hautstellen gut pflegen. Die Sheabutter ist ein guter Feuchtigkeitsspender und kann helfen Juckreiz zu lindern. Lavendel\u00f6l soll viele heilende und entspannende Merkmale besitzen. Ihm wird nachgesagt, unter anderem entz\u00fcndungshemmende Eigenschaften zu besitzen und zellregulierend zu wirken. Au\u00dferdem wird der classic Hundeseife Geranium\u00f6l hinzugef\u00fcgt, welches ebenfalls mit vielseitigen Wirkungsweisen beschrieben wird und dem\u00a0 hautregenerierende Eigenschaften zugesprochen werden. Zudem scheinen Zecken den Geruch nicht besonders zu m\u00f6gen.<\/p>\n<p>Die Seife ist r\u00fcckfettend und frei von synthetischen Duft-, Farb-, und Konservierungsstoffen.<\/p>\n<p><strong>Anwendung<\/strong><br \/>\nAm besten du k\u00e4mmst deinen Hund vor der Hundew\u00e4sche einmal ordentlich durch. Anschlie\u00dfend machst du ihn komplett nass.<br \/>\nFeuchte die Seife an und reibe sie in das Hundefell ein.<br \/>\nNachdem du die Seife \u00fcberall verteilt hast kannst du sie kurz einwirken lassen und danach deinen Hund gr\u00fcndlich abduschen und die Seife aussp\u00fclen.<\/p>\n<p><strong>Verpackung<\/strong><br \/>\nAlle TUULOVE Pflegeprodukte werden in einem Graskarton verpackt. Graspapier ist wesentlich nachhaltiger als konventionelles Papier oder Karton und sorgt dadurch f\u00fcr eine gro\u00dfe CO2-Ersparnis, spart Wasser und verzichtet auf den Einsatz von Chemikalien.<\/p>\n<p>Die Hundeseife wird in einer Werkstatt f\u00fcr behinderte Menschen verpackt.<\/p>\n<p>Hergestellt in Deutschland.<\/p>\n<p>Lieferzeit 5-10 Werktage<\/p>\n<p>&nbsp;<\/p>\n<p>Zusammensetzung:<\/p>\n<p>Sodium Olivate (Olivenseife), Sodium Cocoate (Kokosseife), Sodium Stearate (Stearinseife)\u00b0, Aqua, Cocos Nucifera Oil (Kokos\u00f6l)*, Butyrospermum Parkii Butter (Sheabutter)*, Lavandula Angustifolia Oil (Lavendel\u00f6l), Cymbopogon Nardus Oil (Citronella\u00f6l)*, Glycerin\u00b0\u00b0, Sodium Chloride, Linalool**, Pelargonium Graveolens Oil (Geranium\u00f6l), Geraniol**, Citronellol**, Tetrasodium Glutamate Diacetate, Limonene**, Citral**<br \/>\n(* = aus zertifizierten \u00f6kologischen Landbau, ** = nat\u00fcrlichen Ursprungs, \u00b0 = aus Oliven\u00f6l, \u00b0\u00b0 = aus Oliven-\/Kokos\u00f6l)<\/p>\n","protected":false},"featured_media":3476,"template":"","meta":[],"product_brand":[],"product_cat":[58],"product_tag":[],"class_list":{"0":"post-3451","1":"product","2":"type-product","3":"status-publish","4":"has-post-thumbnail","6":"product_cat-pflegeprodukte","8":"first","9":"instock","10":"taxable","11":"shipping-taxable","12":"purchasable","13":"product-type-simple"},"_links":{"self":[{"href":"https:\/\/klartext-staging.at\/cordolina\/wp-json\/wp\/v2\/product\/3451","targetHints":{"allow":["GET"]}}],"collection":[{"href":"https:\/\/klartext-staging.at\/cordolina\/wp-json\/wp\/v2\/product"}],"about":[{"href":"https:\/\/klartext-staging.at\/cordolina\/wp-json\/wp\/v2\/types\/product"}],"wp:featuredmedia":[{"embeddable":true,"href":"https:\/\/klartext-staging.at\/cordolina\/wp-json\/wp\/v2\/media\/3476"}],"wp:attachment":[{"href":"https:\/\/klartext-staging.at\/cordolina\/wp-json\/wp\/v2\/media?parent=3451"}],"wp:term":[{"taxonomy":"product_brand","embeddable":true,"href":"https:\/\/klartext-staging.at\/cordolina\/wp-json\/wp\/v2\/product_brand?post=3451"},{"taxonomy":"product_cat","embeddable":true,"href":"https:\/\/klartext-staging.at\/cordolina\/wp-json\/wp\/v2\/product_cat?post=3451"},{"taxonomy":"product_tag","embeddable":true,"href":"https:\/\/klartext-staging.at\/cordolina\/wp-json\/wp\/v2\/product_tag?post=3451"}],"curies":[{"name":"wp","href":"https:\/\/api.w.org\/{rel}","templated":true}]}}