{"id":3454,"date":"2024-01-25T09:36:18","date_gmt":"2024-01-25T08:36:18","guid":{"rendered":"https:\/\/klartext-staging.at\/cordolina\/?post_type=product&#038;p=3454"},"modified":"2024-01-31T08:49:56","modified_gmt":"2024-01-31T07:49:56","slug":"tuulove-hundeseife-outdoor","status":"publish","type":"product","link":"https:\/\/klartext-staging.at\/cordolina\/produkt\/tuulove-hundeseife-outdoor\/","title":{"rendered":"TUULOVE Hundeseife outdoor"},"content":{"rendered":"<p>Mit der TUULOVE outdoor Hundeseife kannst du das Fell und die Haut deines Hundes pflegen und gleichzeitig mit \u00e4therischen \u00d6len gegen Parasiten vorbeugen!<\/p>\n","protected":false},"excerpt":{"rendered":"<p>Weitere Informationen:<\/p>\n<p>Wie alle TUULOVE Hundeseifen enth\u00e4lt auch die &#8222;outdoor&#8220; hautpflegendes Kokos\u00f6l &#8211; welches durch die enthaltene Laurins\u00e4ure f\u00fcr Zecken unangenehm zu sein scheint &#8211; und feuchtigkeitsspendende Sheabutter.<\/p>\n<p>Die Rezeptur enth\u00e4lt gleich mehrere Aroma\u00f6le, die f\u00fcr ihre Wirkung auf Zecken, Milben &amp; Co. bekannt sind.<br \/>\nNeem\u00f6l, welchem neben der Parasitenabwehr weitere hervorragende Eigenschaften zur Fell- und Hautpflege zugeschrieben werden, Geranium\u00f6l,\u00a0 das zus\u00e4tzlich hautpflegend wirken soll und Pfefferminz\u00f6l sowie Thymian\u00f6l, welche die Rezeptur mit weiteren positiven Eigenschaften abrunden.<\/p>\n<p>Die Seife ist r\u00fcckfettend und frei von synthetischen Duft-, Farb-, und Konservierungsstoffen.<\/p>\n<p><strong>Anwendung<\/strong><br \/>\nAm besten du k\u00e4mmst deinen Hund vor der Hundew\u00e4sche einmal ordentlich durch. Anschlie\u00dfend machst du ihn komplett nass.<br \/>\nFeuchte die Seife an und reibe sie in das Hundefell ein.<br \/>\nNachdem du die Seife \u00fcberall verteilt hast kannst du sie kurz einwirken lassen und danach deinen Hund gr\u00fcndlich abduschen und die Seife aussp\u00fclen.<\/p>\n<p><strong>Verpackung<\/strong><br \/>\nAlle TUULOVE Pflegeprodukte werden in einem Graskarton verpackt. Graspapier ist wesentlich nachhaltiger als konventionelles Papier oder Karton und sorgt dadurch f\u00fcr eine gro\u00dfe CO2-Ersparnis, spart Wasser und verzichtet auf den Einsatz von Chemikalien.<\/p>\n<p>Die Hundeseife wird in einer Werkstatt f\u00fcr behinderte Menschen verpackt.<\/p>\n<p>Hergestellt in Deutschland.<\/p>\n<p>Lieferzeit 5-10 Werktage<\/p>\n<p>&nbsp;<\/p>\n<p>Zusammensetzung:<\/p>\n<p>Sodium Olivate (Olivenseife), Sodium Cocoate (Kokosseife), Sodium Stearate (Stearinseife)\u00b0, Aqua, Cocos Nucifera Oil (Kokos\u00f6l)*, Melia Azadirachta Seed Oil (Neem\u00f6l)*, Pelargonium Graveolens Oil (Geranium\u00f6l), Mentha Piperita Oil (Pfefferminz\u00f6l)*, Thymus Vulgaris Oil (Thymian\u00f6l), Glycerin\u00b0\u00b0, Sodium Chloride, Tetrasodium Glutamate Diacetate, Geraniol**, Limonene**, Linalool**, Citronellol**, Citral**<\/p>\n","protected":false},"featured_media":3475,"template":"","meta":[],"product_brand":[],"product_cat":[58],"product_tag":[],"class_list":{"0":"post-3454","1":"product","2":"type-product","3":"status-publish","4":"has-post-thumbnail","6":"product_cat-pflegeprodukte","8":"first","9":"instock","10":"taxable","11":"shipping-taxable","12":"purchasable","13":"product-type-simple"},"_links":{"self":[{"href":"https:\/\/klartext-staging.at\/cordolina\/wp-json\/wp\/v2\/product\/3454","targetHints":{"allow":["GET"]}}],"collection":[{"href":"https:\/\/klartext-staging.at\/cordolina\/wp-json\/wp\/v2\/product"}],"about":[{"href":"https:\/\/klartext-staging.at\/cordolina\/wp-json\/wp\/v2\/types\/product"}],"wp:featuredmedia":[{"embeddable":true,"href":"https:\/\/klartext-staging.at\/cordolina\/wp-json\/wp\/v2\/media\/3475"}],"wp:attachment":[{"href":"https:\/\/klartext-staging.at\/cordolina\/wp-json\/wp\/v2\/media?parent=3454"}],"wp:term":[{"taxonomy":"product_brand","embeddable":true,"href":"https:\/\/klartext-staging.at\/cordolina\/wp-json\/wp\/v2\/product_brand?post=3454"},{"taxonomy":"product_cat","embeddable":true,"href":"https:\/\/klartext-staging.at\/cordolina\/wp-json\/wp\/v2\/product_cat?post=3454"},{"taxonomy":"product_tag","embeddable":true,"href":"https:\/\/klartext-staging.at\/cordolina\/wp-json\/wp\/v2\/product_tag?post=3454"}],"curies":[{"name":"wp","href":"https:\/\/api.w.org\/{rel}","templated":true}]}}