{"id":3457,"date":"2024-01-25T09:48:57","date_gmt":"2024-01-25T08:48:57","guid":{"rendered":"https:\/\/klartext-staging.at\/cordolina\/?post_type=product&#038;p=3457"},"modified":"2024-01-31T08:49:04","modified_gmt":"2024-01-31T07:49:04","slug":"tuulove-hundeseife-sensitiv","status":"publish","type":"product","link":"https:\/\/klartext-staging.at\/cordolina\/produkt\/tuulove-hundeseife-sensitiv\/","title":{"rendered":"TUULOVE Hundeseife sensitiv"},"content":{"rendered":"<p>Die TUULOVE sensitiv Hundeseife ist eine speziell auf die Bed\u00fcrfnisse von besonders empfindlichen Hunden abgestimmte Seife, die das Fell mild und pflegend reinigt.<\/p>\n","protected":false},"excerpt":{"rendered":"<p>Weitere Informationen:<\/p>\n<p>Bei der Rezeptur haben wir komplett auf den Einsatz von Aroma\u00f6len verzichtet. Die sensitive Hundeseife ist durch das enthaltende Kokos\u00f6l hautpflegend, sie wirkt zudem pflegend f\u00fcr spr\u00f6de, trockene Hautstellen. Die enthaltende Sheabutter sorgt f\u00fcr eine au\u00dfergew\u00f6hnliche Pflege der Haut und versorgt diese mit Feuchtigkeit.<\/p>\n<p>Die Seife ist r\u00fcckfettend und frei von synthetischen Duft-, Farb-, und Konservierungsstoffen.<\/p>\n<p><strong>Anwendung<\/strong><br \/>\nAm besten du k\u00e4mmst deinen Hund vor der Hundew\u00e4sche einmal ordentlich durch. Anschlie\u00dfend machst du ihn komplett nass.<br \/>\nFeuchte die Seife an und reibe sie in das Hundefell ein.<br \/>\nNachdem du die Seife \u00fcberall verteilt hast kannst du sie kurz einwirken lassen und danach deinen Hund gr\u00fcndlich abduschen und die Seife aussp\u00fclen.<\/p>\n<p><strong>Verpackung<\/strong><br \/>\nAlle TUULOVE Pflegeprodukte werden in einem Graskarton verpackt. Graspapier ist wesentlich nachhaltiger als konventionelles Papier oder Karton und sorgt dadurch f\u00fcr eine gro\u00dfe CO2-Ersparnis, spart Wasser und verzichtet auf den Einsatz von Chemikalien.<\/p>\n<p>Die Hundeseife wird in einer Werkstatt f\u00fcr behinderte Menschen verpackt.<\/p>\n<p>Hergestellt in Deutschland.<\/p>\n<p>Lieferzeit 5-10 Werktage<\/p>\n<p>&nbsp;<\/p>\n<p>Zusammensetzung:<\/p>\n<p>Sodium Olivate (Olivenseife), Sodium Cocoate (Kokosseife), Sodium Stearate (Stearinseife)\u00b0, Aqua, Cocos Nucifera Oil (Kokos\u00f6l)*, Butyrospermum Parkii Butter (Sheabutter)*, Glycerin\u00b0\u00b0, Sodium Chloride, Tetrasodium Glutamate Diacetate<\/p>\n","protected":false},"featured_media":3474,"template":"","meta":[],"product_brand":[],"product_cat":[58],"product_tag":[],"class_list":{"0":"post-3457","1":"product","2":"type-product","3":"status-publish","4":"has-post-thumbnail","6":"product_cat-pflegeprodukte","8":"first","9":"instock","10":"taxable","11":"shipping-taxable","12":"purchasable","13":"product-type-simple"},"_links":{"self":[{"href":"https:\/\/klartext-staging.at\/cordolina\/wp-json\/wp\/v2\/product\/3457","targetHints":{"allow":["GET"]}}],"collection":[{"href":"https:\/\/klartext-staging.at\/cordolina\/wp-json\/wp\/v2\/product"}],"about":[{"href":"https:\/\/klartext-staging.at\/cordolina\/wp-json\/wp\/v2\/types\/product"}],"wp:featuredmedia":[{"embeddable":true,"href":"https:\/\/klartext-staging.at\/cordolina\/wp-json\/wp\/v2\/media\/3474"}],"wp:attachment":[{"href":"https:\/\/klartext-staging.at\/cordolina\/wp-json\/wp\/v2\/media?parent=3457"}],"wp:term":[{"taxonomy":"product_brand","embeddable":true,"href":"https:\/\/klartext-staging.at\/cordolina\/wp-json\/wp\/v2\/product_brand?post=3457"},{"taxonomy":"product_cat","embeddable":true,"href":"https:\/\/klartext-staging.at\/cordolina\/wp-json\/wp\/v2\/product_cat?post=3457"},{"taxonomy":"product_tag","embeddable":true,"href":"https:\/\/klartext-staging.at\/cordolina\/wp-json\/wp\/v2\/product_tag?post=3457"}],"curies":[{"name":"wp","href":"https:\/\/api.w.org\/{rel}","templated":true}]}}