{"id":3459,"date":"2024-01-25T10:09:31","date_gmt":"2024-01-25T09:09:31","guid":{"rendered":"https:\/\/klartext-staging.at\/cordolina\/?post_type=product&#038;p=3459"},"modified":"2024-05-31T11:57:16","modified_gmt":"2024-05-31T09:57:16","slug":"tuulove-pfotenpflege-classic","status":"publish","type":"product","link":"https:\/\/klartext-staging.at\/cordolina\/produkt\/tuulove-pfotenpflege-classic\/","title":{"rendered":"TUULOVE Pfotenpflege classic"},"content":{"rendered":"<p>Die TUULOVE classic Pfotenpflege eignet sich perfekt zur Pflege der Fu\u00dfballen deines Hundes.<\/p>\n","protected":false},"excerpt":{"rendered":"<p>Weitere Informationen:<\/p>\n<p>Die Rezeptur der Pfotenpflege classic wurde fein aufeinander abgestimmt und enth\u00e4lt unter anderem Kieselerde, Rosmarin\u00f6l, Lavendel\u00f6l und Pfefferminz\u00f6l. Diesen Inhaltsstoffen werden unter anderem zellregulierende, entz\u00fcndungshemmende und entspannende Wirkungen zugeschrieben.<\/p>\n<p>Die Pfotenpflege ist auch hervorragend geeignet, um Liegeschwielen, Hautfalten und trockene Hautstellen deines Hundes damit zu pflegen.<\/p>\n<p>TUULOVE\u00ae Pfotenpflege ist frei von synthetischen Duft-, Farb-, und Konservierungsstoffen.<\/p>\n<p>Hergestellt in Deutschland.<\/p>\n<p><strong>Anwendung<\/strong><br \/>\nDie Pfotenpflege kann sehr einfach und praktisch angewendet werden, da die Verpackung als Stick gro\u00dfe Vorteile mit sich bringt.<br \/>\nDer Stick kann wie ein Lippenpflegestift genutzt werden &#8211; nur eben auf den Pfoten deines Hundes.<br \/>\nAuftragen kannst du die Pfotenpflege jederzeit, nur sollte dein Hund trockene Pfoten haben.<\/p>\n<p><strong>Verpackung<\/strong><br \/>\nAlle TUULOVE Pflegeprodukte werden in einem Graskarton verpackt. Graspapier ist wesentlich nachhaltiger als konventionelles Papier oder Karton und sorgt dadurch f\u00fcr eine gro\u00dfe CO2-Ersparnis, spart Wasser und verzichtet auf den Einsatz von Chemikalien.<\/p>\n<p>Hergestellt in Deutschland.<\/p>\n<p>Lieferzeit 5-10 Werktage<\/p>\n<p>&nbsp;<\/p>\n<p>Zusammensetzung:<\/p>\n<p>Butyrospermum Parkii Butter (Sheabutter)*, Cocos Nucifera Oil (Kokos\u00f6l)*, Helianthus Annuus Seed Wax (Sonnenblumenwachs), Simmondsia Chinensis Seed Oil (Jojoba\u00f6l)*, Argania Spinosa Kernel Oil (Argan\u00f6l)*, Diatomaceous Earth (Kieselerde), Rosmarinus Officinalis Leaf Oil (Rosmarin\u00f6l)*, Lavandula Angustifolia Oil (Lavendel\u00f6l), Mentha Piperita Oil (Pfefferminz\u00f6l)*, Linalool**, Limonene**, Geraniol**<\/p>\n","protected":false},"featured_media":3473,"template":"","meta":[],"product_brand":[],"product_cat":[58],"product_tag":[],"class_list":{"0":"post-3459","1":"product","2":"type-product","3":"status-publish","4":"has-post-thumbnail","6":"product_cat-pflegeprodukte","8":"first","9":"instock","10":"taxable","11":"shipping-taxable","12":"purchasable","13":"product-type-simple"},"_links":{"self":[{"href":"https:\/\/klartext-staging.at\/cordolina\/wp-json\/wp\/v2\/product\/3459","targetHints":{"allow":["GET"]}}],"collection":[{"href":"https:\/\/klartext-staging.at\/cordolina\/wp-json\/wp\/v2\/product"}],"about":[{"href":"https:\/\/klartext-staging.at\/cordolina\/wp-json\/wp\/v2\/types\/product"}],"wp:featuredmedia":[{"embeddable":true,"href":"https:\/\/klartext-staging.at\/cordolina\/wp-json\/wp\/v2\/media\/3473"}],"wp:attachment":[{"href":"https:\/\/klartext-staging.at\/cordolina\/wp-json\/wp\/v2\/media?parent=3459"}],"wp:term":[{"taxonomy":"product_brand","embeddable":true,"href":"https:\/\/klartext-staging.at\/cordolina\/wp-json\/wp\/v2\/product_brand?post=3459"},{"taxonomy":"product_cat","embeddable":true,"href":"https:\/\/klartext-staging.at\/cordolina\/wp-json\/wp\/v2\/product_cat?post=3459"},{"taxonomy":"product_tag","embeddable":true,"href":"https:\/\/klartext-staging.at\/cordolina\/wp-json\/wp\/v2\/product_tag?post=3459"}],"curies":[{"name":"wp","href":"https:\/\/api.w.org\/{rel}","templated":true}]}}