{"id":3461,"date":"2024-01-25T10:46:20","date_gmt":"2024-01-25T09:46:20","guid":{"rendered":"https:\/\/klartext-staging.at\/cordolina\/?post_type=product&#038;p=3461"},"modified":"2024-01-31T08:46:21","modified_gmt":"2024-01-31T07:46:21","slug":"tuulove-pfotenpflege-sensitiv","status":"publish","type":"product","link":"https:\/\/klartext-staging.at\/cordolina\/produkt\/tuulove-pfotenpflege-sensitiv\/","title":{"rendered":"TUULOVE Pfotenpflege sensitiv"},"content":{"rendered":"<p>Die TUULOVE sensitiv Pfotenpflege eignet sich perfekt zur Pflege der Fu\u00dfballen deines Hundes. Bei der Rezeptur wurde auf den Einsatz von Aroma\u00f6len komplett verzichtet, so dass die Pfotenpflege sensitiv auch f\u00fcr besonders empfindliche Vierbeiner geeignet ist.<\/p>\n","protected":false},"excerpt":{"rendered":"<p>Weitere Informationen:<\/p>\n<p>Raue und rissige Hundeballen sind nicht nur unangenehm f\u00fcr deinen Hund, sie k\u00f6nnen auch einrei\u00dfen und sich entz\u00fcnden. Die Pfotenpflege von TUULOVE sorgt daf\u00fcr, dass die Ballen deines Hundes gepflegt werden und geschmeidig bleiben.<\/p>\n<p>Nat\u00fcrlich kannst du die Pfotenpflege auch zur Pflege von Liegeschwielen, Hautfalten und trockenen Hautstellen deines Hundes nutzen.<\/p>\n<p>Frei von synthetischen Duft-, Farb-, und Konservierungsstoffen.<\/p>\n<p>Hergestellt in Deutschland.<\/p>\n<p>Lieferzeit: 5-10 Werktage<\/p>\n<p><strong>Anwendung<\/strong><br \/>\nDie Pfotenpflege kann sehr einfach und praktisch angewendet werden, da die Verpackung als Stick gro\u00dfe Vorteile mit sich bringt.<br \/>\nDer Stick kann wie ein Lippenpflegestift genutzt werden &#8211; nur eben auf den Pfoten deines Hundes.<br \/>\nAuftragen kannst du die Pfotenpflege jederzeit, nur sollte dein Hund trockene Pfoten haben.<\/p>\n<p><strong>Verpackung<\/strong><br \/>\nAlle TUULOVE Pflegeprodukte werden in einem Graskarton verpackt. Graspapier ist wesentlich nachhaltiger als konventionelles Papier oder Karton und sorgt dadurch f\u00fcr eine gro\u00dfe CO2-Ersparnis, spart Wasser und verzichtet auf den Einsatz von Chemikalien.<\/p>\n<p>Hergestellt in Deutschland.<\/p>\n<p>Lieferzeit 5-10 Werktage<\/p>\n<p>&nbsp;<\/p>\n<p>Zusammensetzung:<\/p>\n<p>Butyrospermum Parkii Butter (Sheabutter)*, Cocos Nucifera Oil (Kokos\u00f6l)*, Helianthus Annuus Seed Wax (Sonnenblumenwachs), Simmondsia Chinensis Seed Oil (Jojoba\u00f6l)*, Argania Spinosa Kernel Oil (Argan\u00f6l)*, Diatomaceous Earth (Kieselerde)<\/p>\n","protected":false},"featured_media":3472,"template":"","meta":[],"product_brand":[],"product_cat":[58],"product_tag":[],"class_list":{"0":"post-3461","1":"product","2":"type-product","3":"status-publish","4":"has-post-thumbnail","6":"product_cat-pflegeprodukte","8":"first","9":"instock","10":"taxable","11":"shipping-taxable","12":"purchasable","13":"product-type-simple"},"_links":{"self":[{"href":"https:\/\/klartext-staging.at\/cordolina\/wp-json\/wp\/v2\/product\/3461","targetHints":{"allow":["GET"]}}],"collection":[{"href":"https:\/\/klartext-staging.at\/cordolina\/wp-json\/wp\/v2\/product"}],"about":[{"href":"https:\/\/klartext-staging.at\/cordolina\/wp-json\/wp\/v2\/types\/product"}],"wp:featuredmedia":[{"embeddable":true,"href":"https:\/\/klartext-staging.at\/cordolina\/wp-json\/wp\/v2\/media\/3472"}],"wp:attachment":[{"href":"https:\/\/klartext-staging.at\/cordolina\/wp-json\/wp\/v2\/media?parent=3461"}],"wp:term":[{"taxonomy":"product_brand","embeddable":true,"href":"https:\/\/klartext-staging.at\/cordolina\/wp-json\/wp\/v2\/product_brand?post=3461"},{"taxonomy":"product_cat","embeddable":true,"href":"https:\/\/klartext-staging.at\/cordolina\/wp-json\/wp\/v2\/product_cat?post=3461"},{"taxonomy":"product_tag","embeddable":true,"href":"https:\/\/klartext-staging.at\/cordolina\/wp-json\/wp\/v2\/product_tag?post=3461"}],"curies":[{"name":"wp","href":"https:\/\/api.w.org\/{rel}","templated":true}]}}