{"id":290,"date":"2024-06-13T09:52:04","date_gmt":"2024-06-13T07:52:04","guid":{"rendered":"https:\/\/klartext-staging.at\/onepagemini\/?page_id=290"},"modified":"2025-06-11T11:39:03","modified_gmt":"2025-06-11T09:39:03","slug":"datenschutzerklaerung","status":"publish","type":"page","link":"https:\/\/klartext-staging.at\/onepagemini\/datenschutzerklaerung\/","title":{"rendered":"Datenschutzerkl\u00e4rung"},"content":{"rendered":"<div class=\"fusion-fullwidth fullwidth-box fusion-builder-row-1 fusion-flex-container has-pattern-background has-mask-background nonhundred-percent-fullwidth non-hundred-percent-height-scrolling\" style=\"--awb-border-radius-top-left:0px;--awb-border-radius-top-right:0px;--awb-border-radius-bottom-right:0px;--awb-border-radius-bottom-left:0px;--awb-flex-wrap:wrap;\" ><div class=\"fusion-builder-row fusion-row fusion-flex-align-items-flex-start fusion-flex-content-wrap\" style=\"max-width:1248px;margin-left: calc(-4% \/ 2 );margin-right: calc(-4% \/ 2 );\"><div class=\"fusion-layout-column fusion_builder_column fusion-builder-column-0 fusion_builder_column_1_1 1_1 fusion-flex-column\" style=\"--awb-bg-size:cover;--awb-width-large:100%;--awb-margin-top-large:0px;--awb-spacing-right-large:1.92%;--awb-margin-bottom-large:20px;--awb-spacing-left-large:1.92%;--awb-width-medium:100%;--awb-order-medium:0;--awb-spacing-right-medium:1.92%;--awb-spacing-left-medium:1.92%;--awb-width-small:100%;--awb-order-small:0;--awb-spacing-right-small:1.92%;--awb-spacing-left-small:1.92%;\"><div class=\"fusion-column-wrapper fusion-column-has-shadow fusion-flex-justify-content-flex-start fusion-content-layout-column\"><div class=\"fusion-text fusion-text-1\"><h1 class=\"fusion-responsive-typography-calculated\" data-fontsize=\"70\" data-lineheight=\"84px\">Erkl\u00e4rung zur Informations\u00adpflicht<\/h1>\n<p>(Datenschutzerkl\u00e4rung)<\/p>\n<p><strong>Kontakt mit uns<br \/><\/strong>Wenn Sie per Formular auf der Website oder per E-Mail Kontakt mit uns aufnehmen, werden Ihre angegebenen Daten zwecks Bearbeitung der Anfrage und f\u00fcr den Fall von Anschlussfragen sechs Monate bei uns gespeichert. Diese Daten geben wir nicht ohne Ihre Einwilligung weiter.<\/p>\n<p><strong>Cookies<br \/><\/strong>Unsere Website verwendet keine Tracking-Cookies.<\/p>\n<p><strong>Ihre Rechte<br \/><\/strong>Ihnen stehen grunds\u00e4tzlich die Rechte auf Auskunft, Berichtigung, L\u00f6schung, Einschr\u00e4nkung, Daten\u00fcbertragbarkeit, Widerruf und Widerspruch zu. Wenn Sie glauben, dass die Verarbeitung Ihrer Daten gegen das Datenschutzrecht verst\u00f6\u00dft oder Ihre datenschutzrechtlichen Anspr\u00fcche sonst in einer Weise verletzt worden sind, k\u00f6nnen Sie sich bei der Aufsichtsbeh\u00f6rde beschweren.<\/p>\n<p><strong>Verantwortlich f\u00fcr den Datenschutz<br \/><\/strong>Egidio\u00a0<\/p>\n<p><strong>Kontakt<\/strong><br \/>Hier k\u00f6nnen Sie uns\u00a0<a href=\"https:\/\/klartext-staging.at\/onepagemini\/#kontakt\">kontaktieren<\/a>.<\/p>\n<\/div><\/div><\/div><\/div><\/div>\n","protected":false},"excerpt":{"rendered":"","protected":false},"author":3,"featured_media":0,"parent":0,"menu_order":0,"comment_status":"closed","ping_status":"closed","template":"100-width.php","meta":{"footnotes":""},"class_list":["post-290","page","type-page","status-publish","hentry"],"_links":{"self":[{"href":"https:\/\/klartext-staging.at\/onepagemini\/wp-json\/wp\/v2\/pages\/290","targetHints":{"allow":["GET"]}}],"collection":[{"href":"https:\/\/klartext-staging.at\/onepagemini\/wp-json\/wp\/v2\/pages"}],"about":[{"href":"https:\/\/klartext-staging.at\/onepagemini\/wp-json\/wp\/v2\/types\/page"}],"author":[{"embeddable":true,"href":"https:\/\/klartext-staging.at\/onepagemini\/wp-json\/wp\/v2\/users\/3"}],"replies":[{"embeddable":true,"href":"https:\/\/klartext-staging.at\/onepagemini\/wp-json\/wp\/v2\/comments?post=290"}],"version-history":[{"count":2,"href":"https:\/\/klartext-staging.at\/onepagemini\/wp-json\/wp\/v2\/pages\/290\/revisions"}],"predecessor-version":[{"id":344,"href":"https:\/\/klartext-staging.at\/onepagemini\/wp-json\/wp\/v2\/pages\/290\/revisions\/344"}],"wp:attachment":[{"href":"https:\/\/klartext-staging.at\/onepagemini\/wp-json\/wp\/v2\/media?parent=290"}],"curies":[{"name":"wp","href":"https:\/\/api.w.org\/{rel}","templated":true}]}}